{"id":4080,"date":"2024-11-27T18:04:50","date_gmt":"2024-11-27T17:04:50","guid":{"rendered":"https:\/\/netherlands.wordcamp.org\/2024\/?page_id=4080"},"modified":"2025-11-17T16:21:08","modified_gmt":"2025-11-17T15:21:08","slug":"veelgestelde-vragen","status":"publish","type":"page","link":"https:\/\/netherlands.wordcamp.org\/2025\/veelgestelde-vragen\/","title":{"rendered":"Veelgestelde vragen"},"content":{"rendered":"\n<div class=\"wp-block-group alignfull has-base-color has-contrast-background-color has-text-color has-background has-link-color wp-elements-fe1208c56d32d2ac42ac48b055c054b4 has-global-padding is-layout-constrained wp-container-core-group-is-layout-d89aad35 wp-block-group-is-layout-constrained\" style=\"margin-top:0;margin-bottom:0;padding-top:var(--wp--preset--spacing--50);padding-right:var(--wp--preset--spacing--50);padding-bottom:var(--wp--preset--spacing--50);padding-left:var(--wp--preset--spacing--50)\">\n<h2 class=\"wp-block-heading alignwide has-base-color has-text-color has-link-color wp-elements-ee1d6c2bb76eab30eb41715eee8cbc41\" style=\"font-size:clamp(3.037rem, 3.037rem + ((1vw - 0.2rem) * 4.938), 6rem);letter-spacing:-0.02em\">Veelgestelde vragen<\/h2>\n\n\n\n<h3 class=\"wp-block-heading alignwide has-base-color has-text-color has-link-color wp-elements-a0d3ebe598118dad48e06ef06514aebd\" style=\"font-size:clamp(1.743rem, 1.743rem + ((1vw - 0.2rem) * 2.095), 3rem);letter-spacing:-0.02em\">Tijdens #WCNL<\/h3>\n\n\n\n<div class=\"wp-block-group alignwide is-layout-flow wp-block-group-is-layout-flow\">\n<hr class=\"wp-block-separator has-text-color has-base-color has-alpha-channel-opacity has-base-background-color has-background is-style-wide\" \/>\n\n\n\n<details class=\"wp-block-details is-style-arrow-icon-details has-medium-font-size is-layout-flow wp-block-details-is-layout-flow\" style=\"border-top-style:none;border-top-width:0px;border-right-style:none;border-right-width:0px;border-bottom-color:var(--wp--preset--color--base);border-bottom-style:solid;border-bottom-width:1px;border-left-style:none;border-left-width:0px;margin-top:0\"><summary><strong>Hoe kom ik binnen?<\/strong><\/summary>\n<p class=\"has-contrast-1-color has-text-color has-link-color wp-elements-aadcdd52e3a39092599f868a026e633a\">Donderdag vanaf&nbsp;<strong>09:00<\/strong>&nbsp;zitten we klaar bij de registratie. Je kunt je badge ophalen op basis van de naam waarmee je geregistreerd staat\u2014je hebt verder niets nodig. Volg de bordjes vanaf de hoofdingang en je komt vanzelf bij de registratie. De registratiedesk is beide dagen de gehele dag geopend.<\/p>\n<\/details>\n\n\n\n<details class=\"wp-block-details is-style-arrow-icon-details has-medium-font-size is-layout-flow wp-block-details-is-layout-flow\" style=\"border-top-style:none;border-top-width:0px;border-right-style:none;border-right-width:0px;border-bottom-color:var(--wp--preset--color--base);border-bottom-style:solid;border-bottom-width:1px;border-left-style:none;border-left-width:0px;margin-top:0\"><summary><strong>Hoe kom ik bij de locatie, Madurodam?<\/strong><\/summary>\n<p><strong>Adresgegevens Madurodam<\/strong><\/p>\n\n\n\n<p>George Maduroplein 1<br>2584 RZ Den Haag, Nederland<\/p>\n\n\n\n<p class=\"has-contrast-1-color has-text-color has-link-color wp-elements-94d4956e2b82214140d09ffd7ca73025\"><strong>Met het OV<\/strong>: <\/p>\n\n\n\n<p class=\"has-contrast-1-color has-text-color has-link-color wp-elements-189a5e15fa1cd113fc7f615dd04917af\">Madurodam is super goed bereikbaar! Vanaf Den Haag Centraal of Hollands Spoor ben je met de tram of bus binnen 10 minuten bij Madurodam. Neem tram 9 richting \u2018Scheveningen Noord\u2019 of bus 22 richting \u2018Den Haag Duindorp\u2019 en stap uit bij halte \u2018Madurodam\u2019. Plan je reis online.<\/p>\n\n\n\n<p class=\"has-contrast-1-color has-text-color has-link-color wp-elements-2a64093f0801ab6a19c781643a559e9d\"><strong>Met de auto<\/strong>: <\/p>\n\n\n\n<p>Kom je met de auto? Plan je route via&nbsp;<a href=\"https:\/\/www.google.nl\/maps\/place\/Madurodam\/@52.099479,4.2947417,17z\/data=!3m1!4b1!4m5!3m4!1s0x47c5b74d1c0dd2c7:0xccfe81afc891bc40!8m2!3d52.0994757!4d4.2969304\" target=\"_blank\" rel=\"noreferrer noopener nofollow\">Google Maps<\/a>&nbsp;of navigeer naar George Maduroplein 1, Den Haag. Volg de borden totdat je uitkomt bij het parkeerterrein van Madurodam. Tijdens de registratie krijg je een gratis uitrijkaart, er zijn geen parkeerkosten voor onze bezoekers.<\/p>\n\n\n\n<p>Er zijn 8 elektrische laadpalen, deze kun je niet vooraf reserveren.<\/p>\n\n\n\n<p><strong>Met de fiets:<\/strong><\/p>\n\n\n\n<p>Je fiets kun je eenvoudig voor de deur parkeren!<\/p>\n<\/details>\n\n\n\n<details class=\"wp-block-details is-style-arrow-icon-details has-medium-font-size is-layout-flow wp-block-details-is-layout-flow\" style=\"border-top-style:none;border-top-width:0px;border-right-style:none;border-right-width:0px;border-bottom-color:var(--wp--preset--color--base);border-bottom-style:solid;border-bottom-width:1px;border-left-style:none;border-left-width:0px;margin-top:0\"><summary><strong>Is er een gedragscode waaraan ik me moet houden?<\/strong><span id=\"docs-internal-guid-33750adc-7fff-81d8-5233-3e3b530b600b\"><div><span style=\"font-size: 11pt;, sans-serif;background-color: transparent;font-weight: 700;vertical-align: baseline\"><\/span><\/div><\/span><\/summary>\n<p class=\"has-contrast-1-color has-text-color has-link-color wp-elements-f9a225193c17372a7c131ba2508433a8\">Ja, we vragen alle deelnemers zich te houden aan onze Gedragscode (Code of Conduct) om een veilige en respectvolle omgeving te garanderen. <a href=\"https:\/\/netherlands.wordcamp.org\/2025\/over-wordcamp-nederland\/code-of-conduct\/\" data-type=\"page\" data-id=\"466\">Lees de Code of Conduct<\/a>.<\/p>\n<\/details>\n\n\n\n<details class=\"wp-block-details is-style-arrow-icon-details has-medium-font-size is-layout-flow wp-block-details-is-layout-flow\" style=\"border-top-style:none;border-top-width:0px;border-right-style:none;border-right-width:0px;border-bottom-color:var(--wp--preset--color--base);border-bottom-style:solid;border-bottom-width:1px;border-left-style:none;border-left-width:0px;margin-top:0\"><summary><strong>Moet ik zelf voor lunch zorgen?<\/strong><\/summary>\n<p class=\"has-contrast-1-color has-text-color has-link-color wp-elements-e40e38ac9943bec023f9b92a416e055a\">Nee, dat is niet nodig. Er is een heerlijke lunch inbegrepen bij je ticket. Er zijn vlees, vis en vegetarische opties beschikbaar. <\/p>\n\n\n\n<p class=\"has-contrast-1-color has-text-color has-link-color wp-elements-1ead4cfd7a187a682fb9ff8cab84f6ad\">Heb je aangegeven een allergie te hebben, ook dan staat er een lunch voor je klaar. Ben je vergeten dit door te geven bij het reserveren van je ticket? Mail ons dan even via hallo@wordcamp.nl. <\/p>\n\n\n\n<p class=\"has-contrast-1-color has-text-color has-link-color wp-elements-099247d25565fcf69ab03137d17e0479\">Je kunt tijdens de gehele dag gratis koffie, thee en (ijs)water pakken. <\/p>\n<\/details>\n\n\n\n<details class=\"wp-block-details is-style-arrow-icon-details has-medium-font-size is-layout-flow wp-block-details-is-layout-flow\" style=\"border-top-style:none;border-top-width:0px;border-right-style:none;border-right-width:0px;border-bottom-color:var(--wp--preset--color--base);border-bottom-style:solid;border-bottom-width:1px;border-left-style:none;border-left-width:0px;margin-top:0\"><summary><strong>Is er een meet &amp; greet met de sprekers?<\/strong><\/summary>\n<p class=\"has-contrast-1-color has-text-color has-link-color wp-elements-97a09a2da63df62aea41f3f31d6e14b9\">Ja, we zorgen dat sprekers beschikbaar zijn na hun talks voor eventuele vragen. <\/p>\n<\/details>\n\n\n\n<details class=\"wp-block-details is-style-arrow-icon-details has-medium-font-size is-layout-flow wp-block-details-is-layout-flow\" style=\"border-top-style:none;border-top-width:0px;border-right-style:none;border-right-width:0px;border-bottom-color:var(--wp--preset--color--base);border-bottom-style:solid;border-bottom-width:1px;border-left-style:none;border-left-width:0px;margin-top:0\"><summary><strong>Kan ik ook het Madurodam park in?<\/strong><\/summary>\n<p class=\"has-contrast-1-color has-text-color has-link-color wp-elements-fd8ec3ba0442b3250d24aabccc12a430\">Ja, entree tot het park is inbegrepen op beide dagen.<\/p>\n<\/details>\n\n\n\n<details class=\"wp-block-details is-style-arrow-icon-details has-medium-font-size is-layout-flow wp-block-details-is-layout-flow\" style=\"border-top-style:none;border-top-width:0px;border-right-style:none;border-right-width:0px;border-bottom-color:var(--wp--preset--color--base);border-bottom-style:solid;border-bottom-width:1px;border-left-style:none;border-left-width:0px;margin-top:0\"><summary><strong>Hoe zit het met de toegankelijkheid?<\/strong><\/summary>\n<p>Madurodam is goed toegankelijk voor mensen met een (mobiliteits)beperking. Het hele park is vanaf de bovenring via een licht hellend pad te bereiken. Het stadje kun je het beste betreden via de souvenirshop of de Erasmusbrug. Ook de 2 restaurants, Taste of Holland en het Panorama Caf\u00e9, zijn toegankelijk voor mensen in een rolstoel.<\/p>\n\n\n\n<p><strong>Mindervalidentoiletten<\/strong><br>Er zijn 2 mindervalidentoiletten, \u00e9\u00e9n in restaurant Taste of Holland en \u00e9\u00e9n in het Panorama Caf\u00e9.<\/p>\n\n\n\n<p><strong>Hulp- en geleidehonden<\/strong><br>Hulp- en geleidehonden zijn welkom in Madurodam. Een hulp- of geleidehond moet herkenbaar zijn door een hesje en een legitimatie hebben.<\/p>\n\n\n\n<p><strong>Rolstoelen<\/strong><br>Heel #WCNL en Madurodam zijn te zelfstandig te navigeren met een rolstoel. Slecht ter been? Maak dan gerust gebruik van onze gratis rolstoelen. Omdat we een beperkt aantal rolstoelen hebben, is het handig vooraf te reserveren.<\/p>\n\n\n\n<p>Onze hoofd zaal is bereikbaar per lift, die is groot genoeg voor de meeste rolstoelen echter kunnen grotere (elektrische) rolstoelen mogelijk lastig zijn. Neem eventueel contact met ons op via <a href=\"mailto:hallo@wordcamp.nl\">hallo@wordcamp.nl<\/a> als je hierover twijfelt. <\/p>\n<\/details>\n\n\n\n<details class=\"wp-block-details is-style-arrow-icon-details has-medium-font-size is-layout-flow wp-block-details-is-layout-flow\" style=\"border-top-style:none;border-top-width:0px;border-right-style:none;border-right-width:0px;border-bottom-color:var(--wp--preset--color--base);border-bottom-style:solid;border-bottom-width:1px;border-left-style:none;border-left-width:0px;margin-top:0\"><summary><strong>Is er een afterparty?<\/strong><\/summary>\n<p>We organiseren op donderdag een gezellige after-party als afsluiter van de eerste dag WordCamp Nederland. Deze begint om\u00a0<strong>20:00<\/strong>\u00a0uur bij\u00a0<strong>Brasserie Amare<\/strong>\u00a0(Spuiplein 150, Den Haag). Dankzij de extra sponsoring van\u00a0<strong>Yourhosting<\/strong> zijn de eerste rondes drankjes en bittergarnituur geregeld. Daarna kun je op eigen kosten doorgaan tot ongeveer\u00a0<strong>00:00<\/strong>\u00a0uur.<\/p>\n<\/details>\n\n\n\n<div style=\"margin-top:var(--wp--preset--spacing--10);margin-bottom:0;height:var(--wp--preset--spacing--10)\" aria-hidden=\"true\" class=\"wp-block-spacer\"><\/div>\n<\/div>\n\n\n\n<h3 class=\"wp-block-heading alignwide has-base-color has-text-color has-link-color wp-elements-d96c30333ee94c32ea80845399ca74b1\" style=\"font-size:clamp(1.743rem, 1.743rem + ((1vw - 0.2rem) * 2.095), 3rem);letter-spacing:-0.02em\">V\u00f3\u00f3r #WCNL<\/h3>\n\n\n\n<div class=\"wp-block-group alignwide is-layout-flow wp-block-group-is-layout-flow\">\n<hr class=\"wp-block-separator has-text-color has-base-color has-alpha-channel-opacity has-base-background-color has-background is-style-wide\" \/>\n\n\n\n<details class=\"wp-block-details is-style-arrow-icon-details has-medium-font-size is-layout-flow wp-block-details-is-layout-flow\" style=\"border-top-style:none;border-top-width:0px;border-right-style:none;border-right-width:0px;border-bottom-color:var(--wp--preset--color--base);border-bottom-style:solid;border-bottom-width:1px;border-left-style:none;border-left-width:0px;margin-top:0\"><summary><strong>Wat is inbegrepen bij mijn ticket?<\/strong><\/summary>\n<p class=\"has-contrast-1-color has-text-color has-link-color wp-elements-30f57be9088100e3469b6c414dc02fce\">Je ticket geeft toegang tot beide dagen van WordCamp Nederland 2025, inclusief lunch, koffie, snacks en een uitnodiging voor de After Party!<\/p>\n<\/details>\n\n\n\n<details class=\"wp-block-details is-style-arrow-icon-details has-medium-font-size is-layout-flow wp-block-details-is-layout-flow\" style=\"border-top-style:none;border-top-width:0px;border-right-style:none;border-right-width:0px;border-bottom-color:var(--wp--preset--color--base);border-bottom-style:solid;border-bottom-width:1px;border-left-style:none;border-left-width:0px;margin-top:0\"><summary><strong>Wat is het verschil tussen een Algemeen ticket en een Micro-sponsor ticket?<\/strong><\/summary>\n<p class=\"has-contrast-1-color has-text-color has-link-color wp-elements-c72f24b243a18529184554415df91dca\">Een Algemeen ticket is vriendelijk geprijsd om het evenement toegankelijk te houden. Een Micro-sponsor ticket is iets duurder en bedoeld voor degenen die graag extra willen bijdragen om het evenement nog beter te maken. Dit vertegenwoordigt de daadwerkelijke kosten van het evenement.<\/p>\n<\/details>\n\n\n\n<details class=\"wp-block-details is-style-arrow-icon-details has-medium-font-size is-layout-flow wp-block-details-is-layout-flow\" style=\"border-top-style:none;border-top-width:0px;border-right-style:none;border-right-width:0px;border-bottom-color:var(--wp--preset--color--base);border-bottom-style:solid;border-bottom-width:1px;border-left-style:none;border-left-width:0px;margin-top:0\"><summary><strong>Kan ik een ticket kopen voor slechts \u00e9\u00e9n dag?<\/strong><\/summary>\n<p class=\"has-contrast-1-color has-text-color has-link-color wp-elements-fe4c833a10856f7dcea16582cdab9642\">Nee, tickets zijn alleen beschikbaar voor het volledige tweedaagse evenement zodat je niets hoeft te missen.<\/p>\n<\/details>\n\n\n\n<details class=\"wp-block-details is-style-arrow-icon-details has-medium-font-size is-layout-flow wp-block-details-is-layout-flow\" style=\"border-top-style:none;border-top-width:0px;border-right-style:none;border-right-width:0px;border-bottom-color:var(--wp--preset--color--base);border-bottom-style:solid;border-bottom-width:1px;border-left-style:none;border-left-width:0px;margin-top:0\"><summary><strong>Kan ik mijn ticket annuleren of overdragen aan iemand anders?<\/strong><\/summary>\n<p class=\"has-contrast-1-color has-text-color has-link-color wp-elements-5260c6f44e44b44e6c7b3ec563c681b9\">Ja, je kunt je ticket overdragen aan iemand anders. Als originele koper kan je de naam op het ticket wijzigen. Voor annuleringen kun je contact met ons opnemen voor de voorwaarden en mogelijkheden.<br><\/p>\n<\/details>\n\n\n\n<details class=\"wp-block-details is-style-arrow-icon-details has-medium-font-size is-layout-flow wp-block-details-is-layout-flow\" style=\"border-top-style:none;border-top-width:0px;border-right-style:none;border-right-width:0px;border-bottom-color:var(--wp--preset--color--base);border-bottom-style:solid;border-bottom-width:1px;border-left-style:none;border-left-width:0px;margin-top:0\"><summary><strong>Waar kan ik meer informatie vinden over de locatie en bereikbaarheid?<\/strong><span id=\"docs-internal-guid-5bec6572-7fff-0811-32fb-8fd370b54fda\"><div><span style=\"font-size: 11pt;, sans-serif;background-color: transparent;font-weight: 700;vertical-align: baseline\"><\/span><\/div><\/span><\/summary>\n<p class=\"has-contrast-1-color has-text-color has-link-color wp-elements-82dc45e07ae88d943479f17723ee10c2\">Meer details over de locatie en hoe je er kunt komen, vind je op onze <a href=\"https:\/\/netherlands.wordcamp.org\/2025\/over-wordcamp-nederland\/locatie\/\" data-type=\"page\" data-id=\"1040\">locatiepagina<\/a><br><\/p>\n<\/details>\n\n\n\n<details class=\"wp-block-details is-style-arrow-icon-details has-medium-font-size is-layout-flow wp-block-details-is-layout-flow\" style=\"border-top-style:none;border-top-width:0px;border-right-style:none;border-right-width:0px;border-bottom-color:var(--wp--preset--color--base);border-bottom-style:solid;border-bottom-width:1px;border-left-style:none;border-left-width:0px;margin-top:0\"><summary><strong>Is er een gedragscode waaraan ik me moet houden?<\/strong><span id=\"docs-internal-guid-33750adc-7fff-81d8-5233-3e3b530b600b\"><div><span style=\"font-size: 11pt;, sans-serif;background-color: transparent;font-weight: 700;vertical-align: baseline\"><\/span><\/div><\/span><\/summary>\n<p class=\"has-contrast-1-color has-text-color has-link-color wp-elements-f9a225193c17372a7c131ba2508433a8\">Ja, we vragen alle deelnemers zich te houden aan onze Gedragscode (Code of Conduct) om een veilige en respectvolle omgeving te garanderen. <a href=\"https:\/\/netherlands.wordcamp.org\/2025\/over-wordcamp-nederland\/code-of-conduct\/\" data-type=\"page\" data-id=\"466\">Lees de Code of Conduct<\/a>.<\/p>\n<\/details>\n\n\n\n<details class=\"wp-block-details is-style-arrow-icon-details has-medium-font-size is-layout-flow wp-block-details-is-layout-flow\" style=\"border-top-style:none;border-top-width:0px;border-right-style:none;border-right-width:0px;border-bottom-color:var(--wp--preset--color--base);border-bottom-style:solid;border-bottom-width:1px;border-left-style:none;border-left-width:0px;margin-top:0\"><summary><strong>Wat moet ik doen als ik speciale dieetwensen heb?<\/strong><span id=\"docs-internal-guid-f4c9db57-7fff-e3ba-bd66-0015a74c3470\"><div><span style=\"font-size: 11pt;, sans-serif;background-color: transparent;font-weight: 700;vertical-align: baseline\"><\/span><\/div><\/span><span id=\"docs-internal-guid-33750adc-7fff-81d8-5233-3e3b530b600b\"><div><span style=\"font-size: 11pt;, sans-serif;background-color: transparent;font-weight: 700;vertical-align: baseline\"><\/span><\/div><\/span><\/summary>\n<p class=\"has-contrast-1-color has-text-color has-link-color wp-elements-4728dce4a9e622688341f8ddabeaa507\">Tijdens het kopen van je ticket bij de registratie kan je je dieetwensen aangeven.<\/p>\n<\/details>\n\n\n\n<details class=\"wp-block-details is-style-arrow-icon-details has-medium-font-size is-layout-flow wp-block-details-is-layout-flow\" style=\"border-top-style:none;border-top-width:0px;border-right-style:none;border-right-width:0px;border-bottom-color:var(--wp--preset--color--base);border-bottom-style:solid;border-bottom-width:1px;border-left-style:none;border-left-width:0px;margin-top:0\"><summary><strong>Wat moet ik doen als ik nog andere vragen heb?<\/strong><span id=\"docs-internal-guid-0799375c-7fff-2003-cb27-5d0c25d8bea3\"><div><span style=\"font-size: 11pt;, sans-serif;background-color: transparent;font-weight: 700;vertical-align: baseline\"><\/span><\/div><\/span><span id=\"docs-internal-guid-33750adc-7fff-81d8-5233-3e3b530b600b\"><div><span style=\"font-size: 11pt;, sans-serif;background-color: transparent;font-weight: 700;vertical-align: baseline\"><\/span><\/div><\/span><\/summary>\n<p class=\"has-contrast-1-color has-text-color has-link-color wp-elements-22703f96b0cc22d436667396bc4276b1\">Voor verdere vragen kun je contact met ons opnemen <a href=\"https:\/\/netherlands.wordcamp.org\/2025\/contact\/\" data-type=\"page\" data-id=\"4696\">via ons contactformulier<\/a> of ons direct <a href=\"mailto:hallo@wordcamp.nl\" data-type=\"mailto\" data-id=\"mailto:hallo@wordcamp.nl\">een e-mail sturen<\/a>.<\/p>\n<\/details>\n\n\n\n<div style=\"margin-top:var(--wp--preset--spacing--10);margin-bottom:0;height:var(--wp--preset--spacing--10)\" aria-hidden=\"true\" class=\"wp-block-spacer\"><\/div>\n<\/div>\n<\/div>\n","protected":false},"excerpt":{"rendered":"<p>Veelgestelde vragen Tijdens #WCNL V\u00f3\u00f3r #WCNL<\/p>\n","protected":false},"author":16227618,"featured_media":0,"parent":0,"menu_order":65,"comment_status":"closed","ping_status":"closed","template":"page-no-title","meta":{"jetpack_post_was_ever_published":false,"footnotes":""},"class_list":["post-4080","page","type-page","status-publish","hentry"],"jetpack_sharing_enabled":true,"_links":{"self":[{"href":"https:\/\/netherlands.wordcamp.org\/2025\/wp-json\/wp\/v2\/pages\/4080","targetHints":{"allow":["GET"]}}],"collection":[{"href":"https:\/\/netherlands.wordcamp.org\/2025\/wp-json\/wp\/v2\/pages"}],"about":[{"href":"https:\/\/netherlands.wordcamp.org\/2025\/wp-json\/wp\/v2\/types\/page"}],"author":[{"embeddable":true,"href":"https:\/\/netherlands.wordcamp.org\/2025\/wp-json\/wp\/v2\/users\/16227618"}],"replies":[{"embeddable":true,"href":"https:\/\/netherlands.wordcamp.org\/2025\/wp-json\/wp\/v2\/comments?post=4080"}],"version-history":[{"count":7,"href":"https:\/\/netherlands.wordcamp.org\/2025\/wp-json\/wp\/v2\/pages\/4080\/revisions"}],"predecessor-version":[{"id":8665,"href":"https:\/\/netherlands.wordcamp.org\/2025\/wp-json\/wp\/v2\/pages\/4080\/revisions\/8665"}],"wp:attachment":[{"href":"https:\/\/netherlands.wordcamp.org\/2025\/wp-json\/wp\/v2\/media?parent=4080"}],"curies":[{"name":"wp","href":"https:\/\/api.w.org\/{rel}","templated":true}]}}