{"id":430,"date":"2016-06-20T19:08:32","date_gmt":"2016-06-20T17:08:32","guid":{"rendered":"https:\/\/2016.netherlands.wordcamp.org\/?page_id=430"},"modified":"2016-07-12T11:46:06","modified_gmt":"2016-07-12T09:46:06","slug":"press","status":"publish","type":"page","link":"https:\/\/netherlands.wordcamp.org\/2016\/contact\/press\/","title":{"rendered":"Press"},"content":{"rendered":"<p><em>Press releases over WordCamp 2016.<\/p>\n<p>Dit bericht mag verspreid worden vanaf 21 juni 2016:<\/em><\/p>\n<h2>In 3 dagen alles wat je wilt weten over WordPress<\/h2>\n<p><em>Early Birds voor WordCamp vanaf nu\u00a0te koop<\/em><\/p>\n<p><strong>Wat hebben Koffietijd, ABN AMRO en Proefdiervrij.nl gemeen? Allemaal maken ze gebruik van WordPress. WordPress is het CMS achter 25% van het web: van MKB-er tot multinational, van visitekaartje als ZZP\u2019er tot high-traffic TV-programma. Ontmoet gebruikers en makers van dit CMS: Koop je Early Bird ticket voor Nederlands grootste WordPress event vanaf dinsdag\u00a0om 10 uur.<\/strong><\/p>\n<p>WordCamps zijn \u2019s Werelds grootste WordPress evenementen. Vanaf dinsdag\u00a010 uur zijn een gelimiteerd aantal Early Bird tickets beschikbaar voor WordCamp Nederland 2016 dat plaats zal vinden op 14, 15 en 16 oktober.<\/p>\n<p><strong>Wat ga je leren tijdens het grootste WordPress event van Nederland?<\/strong><\/p>\n<p>Naast tientallen actieve lokale meet-ups door het hele land is er per jaar \u00e9\u00e9n WordCamp in Nederland. Nederlands\u2019 WordCamps zijn toonaangevend: zowel in formaat als inhoud.<\/p>\n<p>Er zijn sessies over ontwerp, ontwikkeling en commercie. Daarnaast\u00a0worden er cases gepresenteerd. Elke dag wordt afgesloten met een laagdrempelige netwerkborrel.<\/p>\n<p>Een sfeerimpressie van WordCamp Nederland 2015 vind je hier:<\/p>\n<div class=\"jetpack-video-wrapper\"><iframe loading=\"lazy\" title=\"WordCamp The Netherlands 2015 in colour\" src=\"https:\/\/player.vimeo.com\/video\/140667993?dnt=1&amp;app_id=122963\" width=\"660\" height=\"371\" frameborder=\"0\" allow=\"autoplay; fullscreen; picture-in-picture; clipboard-write; encrypted-media; web-share\" referrerpolicy=\"strict-origin-when-cross-origin\"><\/iframe><\/div>\n<p>Dit jaar vindt WordCamp Nederland plaats op 14, 15 en 16 oktober.<\/p>\n<p><strong>E\u00e9n dag redactie en techniek, \u00e9\u00e9n dag e-Commerce<\/strong><\/p>\n<p>Dag \u00e9\u00e9n staat in het teken van technologie en redactie, dag twee in het teken van e-Commerce en dag drie draait om samen de software beter maken en documenteren: met jouw bijdrage maak je meer dan 90 miljoen websites op de wereld beter.<\/p>\n<p>Voor de liefhebber bestaat er een derde dag &#8211; de vrijdag &#8211; in het teken van &#8216;samen WordPress beter maken&#8217;, ook wel contributor day. In kleine teams verbeter je samen een onderdeel van de software. Je ervaring met WordPress is hierbij onbelangrijk.<\/p>\n<p><strong>Vanaf morgen: 100 Early Bird kaarten beschikbaar!<\/strong><\/p>\n<p>WordCamp 2016 wordt de grootste WordCamp zover: de organisatie cre\u00ebert 150 plekken extra ten opzichte van voorgaande jaren. Er zal plek zijn voor 400 professionals.<\/p>\n<p>Het evenement waar spraakmakende cases, innovatieve technieken en commercie bij elkaar komen. De line-up wordt de komende maanden druppelsgewijs bekend gemaakt.<\/p>\n<p>Early Bird Tickets zijn vanaf dinsdag\u00a021 juni om 10 uur verkrijgbaar voor de toegankelijke prijs van 60 euro.<\/p>\n<p><em>Als Early Bird krijg jij gratis een WordCamp Nederland 2016 gadget.\u00a0Je koopt je ticket\u00a0op https:\/\/2016.netherlands.wordcamp.org\/tickets<\/em><\/p>\n<h3>TWEETS<\/h3>\n<ol>\n<li>De Early Birds voor WordCamp Nederland zijn beschikbaar! #WCNL https:\/\/2016.netherlands.wordcamp.org\/tickets<\/li>\n<li>Alles leren over WordPress? Bezoek @WordCampNL. Early Birds zijn vanaf nu verkrijgbaar! #WCNL https:\/\/2016.netherlands.wordcamp.org\/tickets<\/li>\n<\/ol>\n<h3>NIET VOOR PUBLICATIE<\/h3>\n<p>Contactpersoon: Bas van der Lans \/ +31 6 4265 7349<\/p>\n<h3>MEDIA<\/h3>\n<p><img loading=\"lazy\" decoding=\"async\" data-attachment-id=\"431\" data-permalink=\"https:\/\/netherlands.wordcamp.org\/2016\/contact\/press\/social-banner\/\" data-orig-file=\"https:\/\/netherlands.wordcamp.org\/2016\/files\/2016\/06\/social-banner.jpg\" data-orig-size=\"800,600\" data-comments-opened=\"1\" data-image-meta=\"{&quot;aperture&quot;:&quot;0&quot;,&quot;credit&quot;:&quot;&quot;,&quot;camera&quot;:&quot;&quot;,&quot;caption&quot;:&quot;&quot;,&quot;created_timestamp&quot;:&quot;0&quot;,&quot;copyright&quot;:&quot;&quot;,&quot;focal_length&quot;:&quot;0&quot;,&quot;iso&quot;:&quot;0&quot;,&quot;shutter_speed&quot;:&quot;0&quot;,&quot;title&quot;:&quot;&quot;,&quot;orientation&quot;:&quot;0&quot;}\" data-image-title=\"social-banner\" data-image-description=\"\" data-image-caption=\"\" data-medium-file=\"https:\/\/netherlands.wordcamp.org\/2016\/files\/2016\/06\/social-banner-300x225.jpg\" data-large-file=\"https:\/\/netherlands.wordcamp.org\/2016\/files\/2016\/06\/social-banner.jpg\" class=\"alignnone size-full wp-image-431\" src=\"https:\/\/2016.netherlands.wordcamp.org\/files\/2016\/06\/social-banner.jpg\" alt=\"social-banner\" width=\"800\" height=\"600\" srcset=\"https:\/\/netherlands.wordcamp.org\/2016\/files\/2016\/06\/social-banner.jpg 800w, https:\/\/netherlands.wordcamp.org\/2016\/files\/2016\/06\/social-banner-300x225.jpg 300w, https:\/\/netherlands.wordcamp.org\/2016\/files\/2016\/06\/social-banner-768x576.jpg 768w, https:\/\/netherlands.wordcamp.org\/2016\/files\/2016\/06\/social-banner-400x300.jpg 400w\" sizes=\"auto, (max-width: 800px) 100vw, 800px\" \/> <\/p>\n<p><img loading=\"lazy\" decoding=\"async\" data-attachment-id=\"406\" data-permalink=\"https:\/\/netherlands.wordcamp.org\/2016\/in-3-dagen-alles-wat-je-wilt-weten-over-wordpress\/featured-image\/\" data-orig-file=\"https:\/\/netherlands.wordcamp.org\/2016\/files\/2016\/06\/featured-image.png\" data-orig-size=\"802,200\" data-comments-opened=\"1\" data-image-meta=\"{&quot;aperture&quot;:&quot;0&quot;,&quot;credit&quot;:&quot;&quot;,&quot;camera&quot;:&quot;&quot;,&quot;caption&quot;:&quot;&quot;,&quot;created_timestamp&quot;:&quot;0&quot;,&quot;copyright&quot;:&quot;&quot;,&quot;focal_length&quot;:&quot;0&quot;,&quot;iso&quot;:&quot;0&quot;,&quot;shutter_speed&quot;:&quot;0&quot;,&quot;title&quot;:&quot;&quot;,&quot;orientation&quot;:&quot;0&quot;}\" data-image-title=\"featured-image\" data-image-description=\"\" data-image-caption=\"\" data-medium-file=\"https:\/\/netherlands.wordcamp.org\/2016\/files\/2016\/06\/featured-image-300x75.png\" data-large-file=\"https:\/\/netherlands.wordcamp.org\/2016\/files\/2016\/06\/featured-image.png\" class=\"alignnone size-full wp-image-406\" src=\"https:\/\/2016.netherlands.wordcamp.org\/files\/2016\/06\/featured-image.png\" alt=\"featured-image\" width=\"802\" height=\"200\" srcset=\"https:\/\/netherlands.wordcamp.org\/2016\/files\/2016\/06\/featured-image.png 802w, https:\/\/netherlands.wordcamp.org\/2016\/files\/2016\/06\/featured-image-300x75.png 300w, https:\/\/netherlands.wordcamp.org\/2016\/files\/2016\/06\/featured-image-768x192.png 768w, https:\/\/netherlands.wordcamp.org\/2016\/files\/2016\/06\/featured-image-500x125.png 500w\" sizes=\"auto, (max-width: 802px) 100vw, 802px\" \/><\/p>\n","protected":false},"excerpt":{"rendered":"<p>Press releases over WordCamp 2016. Dit bericht mag verspreid worden vanaf 21 juni 2016: In 3 dagen alles wat je wilt weten over WordPress Early Birds voor WordCamp vanaf nu\u00a0te koop Wat hebben Koffietijd, ABN AMRO en Proefdiervrij.nl gemeen? Allemaal maken ze gebruik van WordPress. WordPress is het CMS achter 25% van het web: van &hellip; <a href=\"https:\/\/netherlands.wordcamp.org\/2016\/contact\/press\/\" class=\"more-link\">Verder lezen <span class=\"screen-reader-text\">Press<\/span><\/a><\/p>\n","protected":false},"author":105915,"featured_media":0,"parent":17,"menu_order":0,"comment_status":"closed","ping_status":"closed","template":"","meta":{"jetpack_post_was_ever_published":false,"footnotes":""},"class_list":["post-430","page","type-page","status-publish","hentry"],"jetpack_sharing_enabled":false,"jetpack_shortlink":"https:\/\/wp.me\/P77FXl-6W","jetpack-related-posts":[{"id":201,"url":"https:\/\/netherlands.wordcamp.org\/2016\/sponsoren\/sponsor-pakketten\/","url_meta":{"origin":430,"position":0},"title":"Sponsor pakketten","author":"Remkus de Vries","date":"19 mei 2016","format":false,"excerpt":"In het weekend van 14, 15 en 16 oktober komen 400 WordPress specialisten, gebruikers en ondernemers bij elkaar in de Jaarbeurs in Utrecht. We zoeken een aantal sponsoren die ons helpen om hiervan de beste WordCamp tot nu toe te maken. Mede dankzij jouw bijdrage wordt WordCamp Nederland 2016 de\u2026","rel":"","context":"Soortgelijk bericht","block_context":{"text":"Soortgelijk bericht","link":""},"img":{"alt_text":"","src":"https:\/\/i0.wp.com\/netherlands.wordcamp.org\/2016\/files\/2016\/05\/sponsor-pakketten.png?resize=350%2C200&ssl=1","width":350,"height":200,"srcset":"https:\/\/i0.wp.com\/netherlands.wordcamp.org\/2016\/files\/2016\/05\/sponsor-pakketten.png?resize=350%2C200&ssl=1 1x, https:\/\/i0.wp.com\/netherlands.wordcamp.org\/2016\/files\/2016\/05\/sponsor-pakketten.png?resize=525%2C300&ssl=1 1.5x, https:\/\/i0.wp.com\/netherlands.wordcamp.org\/2016\/files\/2016\/05\/sponsor-pakketten.png?resize=700%2C400&ssl=1 2x"},"classes":[]},{"id":737,"url":"https:\/\/netherlands.wordcamp.org\/2016\/english-information\/","url_meta":{"origin":430,"position":1},"title":"English info","author":"Marcel Bootsman","date":"28 juni 2016","format":false,"excerpt":"On this page you will find all important information about WordCamp Nederland 2016 in English. Yes, we are a Dutch spoken conference, but since we love all international attendees, speakers, sponsors and volunteers we'll do our best to make this WordCamp accessible for all nationalities, as long as you speak\u2026","rel":"","context":"Soortgelijk bericht","block_context":{"text":"Soortgelijk bericht","link":""},"img":{"alt_text":"","src":"https:\/\/i0.wp.com\/s.w.org\/images\/backgrounds\/wordpress-bg-medblue.png?resize=350%2C200&ssl=1","width":350,"height":200},"classes":[]},{"id":873,"url":"https:\/\/netherlands.wordcamp.org\/2016\/locaties\/hoofdlocatie\/","url_meta":{"origin":430,"position":2},"title":"Hoofdlocatie","author":"Taco Verdonschot","date":"12 juli 2016","format":false,"excerpt":"WordCamp Nederland 2016 Locatie WordCamp Nederland 2016 vindt plaats in de Jaarbeurs in Utrecht, in de zalen van Supernova. Deze moderne omgeving is de perfecte plek om ge\u00efnspireerd te raken en WordPress professionals te ontmoeten. Adres Jaarbeurs Utrecht - Supernova Veemarktplein 3521AL Utrecht Bereikbaarheid Jaarbeurs ligt in het centrum van\u2026","rel":"","context":"Soortgelijk bericht","block_context":{"text":"Soortgelijk bericht","link":""},"img":{"alt_text":"Supernova","src":"https:\/\/i0.wp.com\/2016.netherlands.wordcamp.org\/files\/2016\/01\/14A8373.jpg?resize=350%2C200&ssl=1","width":350,"height":200,"srcset":"https:\/\/i0.wp.com\/2016.netherlands.wordcamp.org\/files\/2016\/01\/14A8373.jpg?resize=350%2C200&ssl=1 1x, https:\/\/i0.wp.com\/2016.netherlands.wordcamp.org\/files\/2016\/01\/14A8373.jpg?resize=525%2C300&ssl=1 1.5x, https:\/\/i0.wp.com\/2016.netherlands.wordcamp.org\/files\/2016\/01\/14A8373.jpg?resize=700%2C400&ssl=1 2x"},"classes":[]},{"id":867,"url":"https:\/\/netherlands.wordcamp.org\/2016\/locaties\/hotels\/","url_meta":{"origin":430,"position":3},"title":"Hotels","author":"Marcel Bootsman","date":"12 juli 2016","format":false,"excerpt":"Utrecht is een\u00a0geweldige stad\u00a0voor\u00a0toeristen, maar zeker ook voor WordCampers.\u00a0Omdat je\u00a0natuurlijk in de buurt van WordCamp Nederland wilt overnachten\u00a0hebben\u00a0we een\u00a0mooi overzicht gevonden van de hotels, B&B's, hostels en andere accomodaties. Onze voorkeur Op slechts 5 minuten lopen van zowel de Jaarbeurs als Utrecht Centraal vind je NH Hotels Utrecht. Het hotel\u2026","rel":"","context":"Soortgelijk bericht","block_context":{"text":"Soortgelijk bericht","link":""},"img":{"alt_text":"","src":"https:\/\/i0.wp.com\/s.w.org\/images\/backgrounds\/wordpress-bg-medblue.png?resize=350%2C200&ssl=1","width":350,"height":200},"classes":[]},{"id":19,"url":"https:\/\/netherlands.wordcamp.org\/2016\/over-ons\/gedragscode\/","url_meta":{"origin":430,"position":4},"title":"Gedragscode","author":"Marcel Bootsman","date":"13 januari 2016","format":false,"excerpt":"The english version can be found here Doelstelling WordCamp Nederland gelooft dat onze community volledig open en van ons allemaal dient te zijn. Hiervoor zullen wij er op toezien dat we met z'n allen een vriendelijke, veilige en welkome omgeving neerzetten voor iedereen ongeacht geslacht, geaardheid, beperking, etniciteit, religie, voorkeur\u2026","rel":"","context":"Soortgelijk bericht","block_context":{"text":"Soortgelijk bericht","link":""},"img":{"alt_text":"","src":"https:\/\/i0.wp.com\/s.w.org\/images\/backgrounds\/wordpress-bg-medblue.png?resize=350%2C200&ssl=1","width":350,"height":200},"classes":[]},{"id":889,"url":"https:\/\/netherlands.wordcamp.org\/2016\/english-information\/hotels\/","url_meta":{"origin":430,"position":5},"title":"Hotels","author":"Marcel Bootsman","date":"12 juli 2016","format":false,"excerpt":"Utrecht is a great city for tourists and also for WordCampers. If you need to stay in Utrecht during WordCamp Nederland, there are plenty of hotels, B&B's, hostels and other accommodations available. Preferred hotel NH Hotels Utrecht is just a 5-minute walk away from the venue (Jaarbeurs), and evenly close\u2026","rel":"","context":"Soortgelijk bericht","block_context":{"text":"Soortgelijk bericht","link":""},"img":{"alt_text":"","src":"https:\/\/i0.wp.com\/s.w.org\/images\/backgrounds\/wordpress-bg-medblue.png?resize=350%2C200&ssl=1","width":350,"height":200},"classes":[]}],"jetpack_likes_enabled":true,"_links":{"self":[{"href":"https:\/\/netherlands.wordcamp.org\/2016\/wp-json\/wp\/v2\/pages\/430","targetHints":{"allow":["GET"]}}],"collection":[{"href":"https:\/\/netherlands.wordcamp.org\/2016\/wp-json\/wp\/v2\/pages"}],"about":[{"href":"https:\/\/netherlands.wordcamp.org\/2016\/wp-json\/wp\/v2\/types\/page"}],"author":[{"embeddable":true,"href":"https:\/\/netherlands.wordcamp.org\/2016\/wp-json\/wp\/v2\/users\/105915"}],"replies":[{"embeddable":true,"href":"https:\/\/netherlands.wordcamp.org\/2016\/wp-json\/wp\/v2\/comments?post=430"}],"version-history":[{"count":5,"href":"https:\/\/netherlands.wordcamp.org\/2016\/wp-json\/wp\/v2\/pages\/430\/revisions"}],"predecessor-version":[{"id":437,"href":"https:\/\/netherlands.wordcamp.org\/2016\/wp-json\/wp\/v2\/pages\/430\/revisions\/437"}],"up":[{"embeddable":true,"href":"https:\/\/netherlands.wordcamp.org\/2016\/wp-json\/wp\/v2\/pages\/17"}],"wp:attachment":[{"href":"https:\/\/netherlands.wordcamp.org\/2016\/wp-json\/wp\/v2\/media?parent=430"}],"curies":[{"name":"wp","href":"https:\/\/api.w.org\/{rel}","templated":true}]}}