{"id":249756,"date":"2014-03-05T13:02:28","date_gmt":"2014-03-05T12:02:28","guid":{"rendered":"https:\/\/2014.netherlands.wordcamp.org\/?page_id=249756"},"modified":"2014-04-30T13:10:23","modified_gmt":"2014-04-30T11:10:23","slug":"sponsors","status":"publish","type":"page","link":"https:\/\/netherlands.wordcamp.org\/2014\/sponsors\/","title":{"rendered":"Sponsors"},"content":{"rendered":"<p>Wil je WordCamp Nederland ook sponsoren? <a href=\"https:\/\/2014.netherlands.wordcamp.org\/sponsor-worden\/\" rel=\"nofollow\">Dat kan nog steeds<\/a>.<\/p>\n<h2>Wij zijn enorm trots op de volgende sponsors:<\/h2>\n\n\t<div class=\"wcorg-sponsors\">\n\t\t\n\t\t\t<div class=\"wcorg-sponsor-level-diamond\">\n\t\t\t\t<h2>Diamond<\/h2>\n\n\t\t\t\t\n\t\t\t\t\t<div id=\"wcorg-sponsor-593560\" class=\"wcorg-sponsor\">\n\t\t\t\t\t\t\t\t\t\t\t\t\t\t\t\t\t\t\t\t\t<h3>\n\t\t\t\t\t\t\t\t\t<a href=\"http:\/\/yoast.com\" rel=\"nofollow\">\n\t\t\t\t\t\t\t\t\t\tYoast\t\t\t\t\t\t\t\t\t<\/a>\n\t\t\t\t\t\t\t\t<\/h3>\n\t\t\t\t\t\t\t\t\t\t\t\t\t\n\t\t\t\t\t\t<div class=\"wcorg-sponsor-description\">\n\t\t\t\t\t\t\t\t\t\t\t\t\t\t\t<a href=\"http:\/\/yoast.com\" rel=\"nofollow\">\n\t\t\t\t\t\t\t\t\t<img loading=\"lazy\" decoding=\"async\" width=\"1040\" height=\"500\" src=\"https:\/\/netherlands.wordcamp.org\/2014\/files\/2014\/03\/YOAST_logo_RGB_horizontal.png\" class=\"attachment-wcb-sponsor-logo-horizontal-2x size-wcb-sponsor-logo-horizontal-2x wp-post-image\" alt=\"Yoast\" srcset=\"https:\/\/netherlands.wordcamp.org\/2014\/files\/2014\/03\/YOAST_logo_RGB_horizontal.png 1040w, https:\/\/netherlands.wordcamp.org\/2014\/files\/2014\/03\/YOAST_logo_RGB_horizontal-300x144.png 300w, https:\/\/netherlands.wordcamp.org\/2014\/files\/2014\/03\/YOAST_logo_RGB_horizontal-1024x492.png 1024w, https:\/\/netherlands.wordcamp.org\/2014\/files\/2014\/03\/YOAST_logo_RGB_horizontal-500x240.png 500w, https:\/\/netherlands.wordcamp.org\/2014\/files\/2014\/03\/YOAST_logo_RGB_horizontal-624x300.png 624w\" sizes=\"auto, (max-width: 1040px) 100vw, 1040px\" \/>\t\t\t\t\t\t\t\t<\/a>\n\t\t\t\t\t\t\t\n\t\t\t\t\t\t\t\t\t\t\t\t\t\t\t<p>Bij Yoast helpen we je website te optimaliseren voor SEO, conversie en sitesnelheid, waarbij we vaak onze <a>WordPress plugins en themes<\/a> gebruiken. We maken websites meer gebruiksvriendelijk, makkelijker te navigeren, sneller en betrouwbaarder. <\/p>\n<p>We kunnen je zelfs helpen de <a>beste WordPress hosting<\/a> te vinden. Met andere woorden: we zorgen ervoor dat websites doen wat ze moeten doen. Niet alleen voor de eigenaar, maar voor de bezoeker. De prettige bijkomstigheid is dat als je dit allemaal goed doet, je website ook makkelijker te vinden wordt.<\/p>\n<p><a href=\"http:\/\/yoast.com\" target=\"_blank\" rel=\"nofollow\">Neem een kijkje op de website van Yoast!<\/a><\/p>\n\t\t\t\t\t\t\t\t\t\t\t\t\t<\/div>\n\t\t\t\t\t<\/div><!-- #sponsor -->\n\t\t\t\t\t\t\t<\/div><!-- .wcorg-sponsor-level -->\n\t\t\n\t\t\t<div class=\"wcorg-sponsor-level-gold\">\n\t\t\t\t<h2>Gold<\/h2>\n\n\t\t\t\t\n\t\t\t\t\t<div id=\"wcorg-sponsor-593551\" class=\"wcorg-sponsor\">\n\t\t\t\t\t\t\t\t\t\t\t\t\t\t\t\t\t\t\t\t\t<h3>\n\t\t\t\t\t\t\t\t\t<a href=\"http:\/\/netwerven.nl\" rel=\"nofollow\">\n\t\t\t\t\t\t\t\t\t\tNetwerven\t\t\t\t\t\t\t\t\t<\/a>\n\t\t\t\t\t\t\t\t<\/h3>\n\t\t\t\t\t\t\t\t\t\t\t\t\t\n\t\t\t\t\t\t<div class=\"wcorg-sponsor-description\">\n\t\t\t\t\t\t\t\t\t\t\t\t\t\t\t<a href=\"http:\/\/netwerven.nl\" rel=\"nofollow\">\n\t\t\t\t\t\t\t\t\t<img loading=\"lazy\" decoding=\"async\" width=\"320\" height=\"58\" src=\"https:\/\/netherlands.wordcamp.org\/2014\/files\/2014\/04\/netwerven.png\" class=\"attachment-wcb-sponsor-logo-horizontal-2x size-wcb-sponsor-logo-horizontal-2x wp-post-image\" alt=\"Netwerven\" srcset=\"https:\/\/netherlands.wordcamp.org\/2014\/files\/2014\/04\/netwerven.png 320w, https:\/\/netherlands.wordcamp.org\/2014\/files\/2014\/04\/netwerven-300x54.png 300w\" sizes=\"auto, (max-width: 320px) 100vw, 320px\" \/>\t\t\t\t\t\t\t\t<\/a>\n\t\t\t\t\t\t\t\n\t\t\t\t\t\t\t\t\t\t\t\t\t\t\t<p>Netwerven helpt werkgevers beter vindbaar, meetbaar en zichtbaar te zijn door de inzet van recruitmentsites (werkenbij-sites), zoekmachinemarketing, online campagnes, social media en referral marketing. <\/p>\n<p>Onze websites worden volledig gebouwd in WordPress en zijn daarmee veilig, eenvoudig te gebruiken en goed te beheren. Klanten waar wij voor werken zijn o.a. bol.com, booking.com, NS, Ahold, Jumbo, Driscolls en PostNL.<\/p>\n<p><a href=\"http:\/\/netwerven.nl\" target=\"_blank\" rel=\"nofollow\">Neem een kijkje op de website van Netwerven!<\/a><\/p>\n\t\t\t\t\t\t\t\t\t\t\t\t\t<\/div>\n\t\t\t\t\t<\/div><!-- #sponsor -->\n\t\t\t\t\n\t\t\t\t\t<div id=\"wcorg-sponsor-593562\" class=\"wcorg-sponsor\">\n\t\t\t\t\t\t\t\t\t\t\t\t\t\t\t\t\t\t\t\t\t<h3>\n\t\t\t\t\t\t\t\t\tSavvii\t\t\t\t\t\t\t\t<\/h3>\n\t\t\t\t\t\t\t\t\t\t\t\t\t\n\t\t\t\t\t\t<div class=\"wcorg-sponsor-description\">\n\t\t\t\t\t\t\t\t\t\t\t\t\t\t\t<img loading=\"lazy\" decoding=\"async\" width=\"372\" height=\"84\" src=\"https:\/\/netherlands.wordcamp.org\/2014\/files\/2014\/03\/savvii_logo_RGB.png\" class=\"attachment-wcb-sponsor-logo-horizontal-2x size-wcb-sponsor-logo-horizontal-2x wp-post-image\" alt=\"Savvii\" srcset=\"https:\/\/netherlands.wordcamp.org\/2014\/files\/2014\/03\/savvii_logo_RGB.png 372w, https:\/\/netherlands.wordcamp.org\/2014\/files\/2014\/03\/savvii_logo_RGB-300x67.png 300w\" sizes=\"auto, (max-width: 372px) 100vw, 372px\" \/>\t\t\t\t\t\t\t\n\t\t\t\t\t\t\t\t\t\t\t\t\t\t\t<p>Savvii is de eerste managed WordPress hosting provider van Nederland. Wij focussen ons op het bieden van de beste snelheid, veiligheid, gemak en service.  Dat doen we o.a. door varnish caching, gratis CDN, malware scanning, brute-force preventie, automatische updates en uitgebreide support. <\/p>\n<p>Wij geven de WP community graag iets terug door te spreken op WordCamp Nederland en bijvoorbeeld community sites gratis te hosten.<\/p>\n<p>Wij zijn aanwezig op het event en zullen tevens \u00e9\u00e9n van de presentaties verzorgen. <\/p>\n<p><a href=\"http:\/\/savvii.nl\" target=\"_blank\" rel=\"nofollow\">Neem een kijkje op de website van Savvii!<\/a><\/p>\n\t\t\t\t\t\t\t\t\t\t\t\t\t<\/div>\n\t\t\t\t\t<\/div><!-- #sponsor -->\n\t\t\t\t\t\t\t<\/div><!-- .wcorg-sponsor-level -->\n\t\t\n\t\t\t<div class=\"wcorg-sponsor-level-silver-sponsor\">\n\t\t\t\t<h2>Silver<\/h2>\n\n\t\t\t\t\n\t\t\t\t\t<div id=\"wcorg-sponsor-593545\" class=\"wcorg-sponsor\">\n\t\t\t\t\t\t\t\t\t\t\t\t\t\t\t\t\t\t\t\t\t<h3>\n\t\t\t\t\t\t\t\t\tMANAGED WP HOSTING\t\t\t\t\t\t\t\t<\/h3>\n\t\t\t\t\t\t\t\t\t\t\t\t\t\n\t\t\t\t\t\t<div class=\"wcorg-sponsor-description\">\n\t\t\t\t\t\t\t\t\t\t\t\t\t\t\t<img loading=\"lazy\" decoding=\"async\" width=\"300\" height=\"89\" src=\"https:\/\/netherlands.wordcamp.org\/2014\/files\/2014\/04\/l-300x891.png\" class=\"attachment-wcb-sponsor-logo-horizontal-2x size-wcb-sponsor-logo-horizontal-2x wp-post-image\" alt=\"MANAGED WP HOSTING\" \/>\t\t\t\t\t\t\t\n\t\t\t\t\t\t\t\t\t\t\t\t\t\t\t<p>Managed WP Hosting levert sinds 1 januari 2012 hosting speciaal gericht op WordPress sites.<\/p>\n<p>Managed WP Hosting biedt onder andere een veilige WordPress Core met updates, dagelijkse backups en een deskundige WordPress helpdesk. Ter gelegenheid van WordCamp 2014 biedt Managed WP Hosting blijvend 20 procent korting op hun hostingpakketten!<\/p>\n<p><a title=\"Link naar managedwphosting.nl\" href=\"http:\/\/managedwphosting.nl\/\" target=\"_blank\" rel=\"nofollow\">Neem een kijkje op de website van Managed WP Hosting!<\/a><\/p>\n\t\t\t\t\t\t\t\t\t\t\t\t\t<\/div>\n\t\t\t\t\t<\/div><!-- #sponsor -->\n\t\t\t\t\n\t\t\t\t\t<div id=\"wcorg-sponsor-593554\" class=\"wcorg-sponsor\">\n\t\t\t\t\t\t\t\t\t\t\t\t\t\t\t\t\t\t\t\t\t<h3>\n\t\t\t\t\t\t\t\t\t<a href=\"http:\/\/level-level.com\/\" rel=\"nofollow\">\n\t\t\t\t\t\t\t\t\t\tLevel Level\t\t\t\t\t\t\t\t\t<\/a>\n\t\t\t\t\t\t\t\t<\/h3>\n\t\t\t\t\t\t\t\t\t\t\t\t\t\n\t\t\t\t\t\t<div class=\"wcorg-sponsor-description\">\n\t\t\t\t\t\t\t\t\t\t\t\t\t\t\t<a href=\"http:\/\/level-level.com\/\" rel=\"nofollow\">\n\t\t\t\t\t\t\t\t\t<img loading=\"lazy\" decoding=\"async\" width=\"320\" height=\"46\" src=\"https:\/\/netherlands.wordcamp.org\/2014\/files\/2014\/03\/level-level.jpg\" class=\"attachment-wcb-sponsor-logo-horizontal-2x size-wcb-sponsor-logo-horizontal-2x wp-post-image\" alt=\"Level Level\" srcset=\"https:\/\/netherlands.wordcamp.org\/2014\/files\/2014\/03\/level-level.jpg 320w, https:\/\/netherlands.wordcamp.org\/2014\/files\/2014\/03\/level-level-300x43.jpg 300w\" sizes=\"auto, (max-width: 320px) 100vw, 320px\" \/>\t\t\t\t\t\t\t\t<\/a>\n\t\t\t\t\t\t\t\n\t\t\t\t\t\t\t\t\t\t\t\t\t\t\t<p>Internetbureau Level Level en WordPress zijn al jaren met elkaar getrouwd en daarbij is Level Level volledig monogaam. Level Level programmeert niet alleen voor haar; ook websites en huisstijlen ontwerpen, artikelen en whitepapers schrijven en bijeenkomsten organiseren horen wat hen betreft bij dit huwelijk. <\/p>\n<p><a href=\"http:\/\/level-level.com\" target=\"_blank\" rel=\"nofollow\">Neem een kijkje op de website van Level Level!<\/a><\/p>\n\t\t\t\t\t\t\t\t\t\t\t\t\t<\/div>\n\t\t\t\t\t<\/div><!-- #sponsor -->\n\t\t\t\t\n\t\t\t\t\t<div id=\"wcorg-sponsor-593794\" class=\"wcorg-sponsor\">\n\t\t\t\t\t\t\t\t\t\t\t\t\t\t\t\t\t\t\t\t\t<h3>\n\t\t\t\t\t\t\t\t\tZEEF\t\t\t\t\t\t\t\t<\/h3>\n\t\t\t\t\t\t\t\t\t\t\t\t\t\n\t\t\t\t\t\t<div class=\"wcorg-sponsor-description\">\n\t\t\t\t\t\t\t\t\t\t\t\t\t\t\t<img loading=\"lazy\" decoding=\"async\" width=\"190\" height=\"62\" src=\"https:\/\/netherlands.wordcamp.org\/2014\/files\/2014\/05\/ZEEF_logo_190px1.png\" class=\"attachment-wcb-sponsor-logo-horizontal-2x size-wcb-sponsor-logo-horizontal-2x wp-post-image\" alt=\"ZEEF\" \/>\t\t\t\t\t\t\t\n\t\t\t\t\t\t\t\t\t\t\t\t\t\t\t<p>ZEEF widgets is een \u2018curated advertising\u2019 model en is een alternatief voor Google AdSense.<\/p>\n<p>Tijdens WordCamp Nederland zal het team van ZEEF een pagina bijhouden met verwijzingen naar de sprekers en besproken onderwerpen. Volg @WordCampNL op twitter voor real-time updates hieromtrent!<\/p>\n<p>Neem een kijkje op de website van ZEEF Widgets!<\/p>\n\t\t\t\t\t\t\t\t\t\t\t\t\t<\/div>\n\t\t\t\t\t<\/div><!-- #sponsor -->\n\t\t\t\t\t\t\t<\/div><!-- .wcorg-sponsor-level -->\n\t\t\n\t\t\t<div class=\"wcorg-sponsor-level-bronze\">\n\t\t\t\t<h2>Bronze<\/h2>\n\n\t\t\t\t\n\t\t\t\t\t<div id=\"wcorg-sponsor-593556\" class=\"wcorg-sponsor\">\n\t\t\t\t\t\t\t\t\t\t\t\t\t\t\t\t\t\t\t\t\t<h3>\n\t\t\t\t\t\t\t\t\t<a href=\"http:\/\/trendwerk.nl\" rel=\"nofollow\">\n\t\t\t\t\t\t\t\t\t\tTrendwerk\t\t\t\t\t\t\t\t\t<\/a>\n\t\t\t\t\t\t\t\t<\/h3>\n\t\t\t\t\t\t\t\t\t\t\t\t\t\n\t\t\t\t\t\t<div class=\"wcorg-sponsor-description\">\n\t\t\t\t\t\t\t\t\t\t\t\t\t\t\t<a href=\"http:\/\/trendwerk.nl\" rel=\"nofollow\">\n\t\t\t\t\t\t\t\t\t<img loading=\"lazy\" decoding=\"async\" width=\"600\" height=\"600\" src=\"https:\/\/netherlands.wordcamp.org\/2014\/files\/2014\/03\/Logo-Trendwerk-background.png\" class=\"attachment-wcb-sponsor-logo-horizontal-2x size-wcb-sponsor-logo-horizontal-2x wp-post-image\" alt=\"Trendwerk\" srcset=\"https:\/\/netherlands.wordcamp.org\/2014\/files\/2014\/03\/Logo-Trendwerk-background.png 600w, https:\/\/netherlands.wordcamp.org\/2014\/files\/2014\/03\/Logo-Trendwerk-background-150x150.png 150w, https:\/\/netherlands.wordcamp.org\/2014\/files\/2014\/03\/Logo-Trendwerk-background-300x300.png 300w\" sizes=\"auto, (max-width: 600px) 100vw, 600px\" \/>\t\t\t\t\t\t\t\t<\/a>\n\t\t\t\t\t\t\t\n\t\t\t\t\t\t\t\t\t\t\t\t\t\t\t<p>Trendwerk is een WordPress webdesign bureau met ruim 5 jaar WordPress ervaring. We geloven in nauwe samenwerking met onze opdrachtgevers om tot effectieve ontwerpen te komen. Jij bepaalt de doelen en wij denken mee vanuit onze expertise. <\/p>\n<p>Door met een kritische blik naar nieuwe trends te kijken gaan we bij ieder project een stap verder!<\/p>\n<p><a href=\"http:\/\/trendwerk.nl\" target=\"_blank\" rel=\"nofollow\">Neem een kijkje op de website van Trendwerk!<\/a><\/p>\n\t\t\t\t\t\t\t\t\t\t\t\t\t<\/div>\n\t\t\t\t\t<\/div><!-- #sponsor -->\n\t\t\t\t\n\t\t\t\t\t<div id=\"wcorg-sponsor-593558\" class=\"wcorg-sponsor\">\n\t\t\t\t\t\t\t\t\t\t\t\t\t\t\t\t\t\t\t\t\t<h3>\n\t\t\t\t\t\t\t\t\t<a href=\"http:\/\/pronamic.nl\" rel=\"nofollow\">\n\t\t\t\t\t\t\t\t\t\tPronamic\t\t\t\t\t\t\t\t\t<\/a>\n\t\t\t\t\t\t\t\t<\/h3>\n\t\t\t\t\t\t\t\t\t\t\t\t\t\n\t\t\t\t\t\t<div class=\"wcorg-sponsor-description\">\n\t\t\t\t\t\t\t\t\t\t\t\t\t\t\t<a href=\"http:\/\/pronamic.nl\" rel=\"nofollow\">\n\t\t\t\t\t\t\t\t\t<img loading=\"lazy\" decoding=\"async\" width=\"800\" height=\"208\" src=\"https:\/\/netherlands.wordcamp.org\/2014\/files\/2014\/03\/Logo-Pronamic-2010-RGB.png\" class=\"attachment-wcb-sponsor-logo-horizontal-2x size-wcb-sponsor-logo-horizontal-2x wp-post-image\" alt=\"Pronamic\" srcset=\"https:\/\/netherlands.wordcamp.org\/2014\/files\/2014\/03\/Logo-Pronamic-2010-RGB.png 800w, https:\/\/netherlands.wordcamp.org\/2014\/files\/2014\/03\/Logo-Pronamic-2010-RGB-300x78.png 300w, https:\/\/netherlands.wordcamp.org\/2014\/files\/2014\/03\/Logo-Pronamic-2010-RGB-500x130.png 500w, https:\/\/netherlands.wordcamp.org\/2014\/files\/2014\/03\/Logo-Pronamic-2010-RGB-624x162.png 624w\" sizes=\"auto, (max-width: 800px) 100vw, 800px\" \/>\t\t\t\t\t\t\t\t<\/a>\n\t\t\t\t\t\t\t\n\t\t\t\t\t\t\t\t\t\t\t\t\t\t\t<p>Enthousiast, gericht op kwaliteit en een passie voor WordPress. Dat is Pronamic. Vanuit het noorden van Nederland ontwikkelen wij met een gezellig en enthousiast team mooie WordPress oplossingen. Natuurlijk mooie WordPress websites voor een nationale klantenkring maar bij Pronamic ontwikkelen en onderhouden wij ook diverse WordPress plugins. <\/p>\n<p>Wellicht dat jij misschien wel \u00e9\u00e9n van onze plugins hebt gebruikt zoals de Pronamic iDEAL plugin, Pronamic Google Maps plugin of \u00e9\u00e9n van onze vertalingen voor Gravity Forms en WooCommerce.<\/p>\n<p><a href=\"http:\/\/pronamic.nl\" target=\"_blank\" rel=\"nofollow\">Neem een kijkje op de website van Pronamic!<\/a><\/p>\n\t\t\t\t\t\t\t\t\t\t\t\t\t<\/div>\n\t\t\t\t\t<\/div><!-- #sponsor -->\n\t\t\t\t\t\t\t<\/div><!-- .wcorg-sponsor-level -->\n\t\t\n\t\t\t<div class=\"wcorg-sponsor-level-champion\">\n\t\t\t\t<h2>Champion<\/h2>\n\n\t\t\t\t\n\t\t\t\t\t<div id=\"wcorg-sponsor-593491\" class=\"wcorg-sponsor\">\n\t\t\t\t\t\t\t\t\t\t\t\t\t\t\t\t\t\t\t\t\t<h3>\n\t\t\t\t\t\t\t\t\t<a href=\"http:\/\/bluehost.com\" rel=\"nofollow\">\n\t\t\t\t\t\t\t\t\t\tBluehost\t\t\t\t\t\t\t\t\t<\/a>\n\t\t\t\t\t\t\t\t<\/h3>\n\t\t\t\t\t\t\t\t\t\t\t\t\t\n\t\t\t\t\t\t<div class=\"wcorg-sponsor-description\">\n\t\t\t\t\t\t\t\t\t\t\t\t\t\t\t<a href=\"http:\/\/bluehost.com\" rel=\"nofollow\">\n\t\t\t\t\t\t\t\t\t<img loading=\"lazy\" decoding=\"async\" width=\"433\" height=\"111\" src=\"https:\/\/netherlands.wordcamp.org\/2014\/files\/2014\/04\/bluehost-logo.png\" class=\"attachment-wcb-sponsor-logo-horizontal-2x size-wcb-sponsor-logo-horizontal-2x wp-post-image\" alt=\"Bluehost\" srcset=\"https:\/\/netherlands.wordcamp.org\/2014\/files\/2014\/04\/bluehost-logo.png 433w, https:\/\/netherlands.wordcamp.org\/2014\/files\/2014\/04\/bluehost-logo-300x76.png 300w\" sizes=\"auto, (max-width: 433px) 100vw, 433px\" \/>\t\t\t\t\t\t\t\t<\/a>\n\t\t\t\t\t\t\t\n\t\t\t\t\t\t\t\t\t\t\t\t\t\t\t<p><a href=\"http:\/\/bluehost.com\" rel=\"nofollow\">Bluehost<\/a> has been a WordPress partner since 2005 and powers over one million WordPress sites. Their goal is to provide outstanding hosting services and customer support for the best possible price. Bluehost is also constantly innovating and upgrading their services and infrastructure at no additional cost to their customers. Join the millions of other website owners that have already chosen Bluehost and see how they can help you with your site.<\/p>\n\t\t\t\t\t\t\t\t\t\t\t\t\t<\/div>\n\t\t\t\t\t<\/div><!-- #sponsor -->\n\t\t\t\t\n\t\t\t\t\t<div id=\"wcorg-sponsor-593494\" class=\"wcorg-sponsor\">\n\t\t\t\t\t\t\t\t\t\t\t\t\t\t\t\t\t\t\t\t\t<h3>\n\t\t\t\t\t\t\t\t\t<a href=\"http:\/\/34sp.com\" rel=\"nofollow\">\n\t\t\t\t\t\t\t\t\t\t34sp.com\t\t\t\t\t\t\t\t\t<\/a>\n\t\t\t\t\t\t\t\t<\/h3>\n\t\t\t\t\t\t\t\t\t\t\t\t\t\n\t\t\t\t\t\t<div class=\"wcorg-sponsor-description\">\n\t\t\t\t\t\t\t\t\t\t\t\t\t\t\t<a href=\"http:\/\/34sp.com\" rel=\"nofollow\">\n\t\t\t\t\t\t\t\t\t<img loading=\"lazy\" decoding=\"async\" width=\"789\" height=\"159\" src=\"https:\/\/netherlands.wordcamp.org\/2014\/files\/2014\/04\/34sp-logo.jpg\" class=\"attachment-wcb-sponsor-logo-horizontal-2x size-wcb-sponsor-logo-horizontal-2x wp-post-image\" alt=\"34sp.com\" srcset=\"https:\/\/netherlands.wordcamp.org\/2014\/files\/2014\/04\/34sp-logo.jpg 789w, https:\/\/netherlands.wordcamp.org\/2014\/files\/2014\/04\/34sp-logo-300x60.jpg 300w, https:\/\/netherlands.wordcamp.org\/2014\/files\/2014\/04\/34sp-logo-500x100.jpg 500w, https:\/\/netherlands.wordcamp.org\/2014\/files\/2014\/04\/34sp-logo-624x125.jpg 624w\" sizes=\"auto, (max-width: 789px) 100vw, 789px\" \/>\t\t\t\t\t\t\t\t<\/a>\n\t\t\t\t\t\t\t\n\t\t\t\t\t\t\t\t\t\t\t\t\t\t\t<p><a href=\"http:\/\/34SP.com\" rel=\"nofollow\">34SP.com<\/a> is a professional website hosting and domain name registration company offering services for web developers, bloggers, designers and small businesses throughout the world. The 34SP.com team of technical experts offers support and service coupled with a money-back guarantee to ensure client satisfaction. 34SP.com has particular focus in WordPress hosting, having supported the WordPress community since WordPress was originally developed and launched in 2003. The company currently hosts thousands of WordPress websites and is headquartered in central Manchester, England.<\/p>\n\t\t\t\t\t\t\t\t\t\t\t\t\t<\/div>\n\t\t\t\t\t<\/div><!-- #sponsor -->\n\t\t\t\t\t\t\t<\/div><!-- .wcorg-sponsor-level -->\n\t\t\n\t\t\t<div class=\"wcorg-sponsor-level-accomplice\">\n\t\t\t\t<h2>Accomplice<\/h2>\n\n\t\t\t\t\n\t\t\t\t\t<div id=\"wcorg-sponsor-593499\" class=\"wcorg-sponsor\">\n\t\t\t\t\t\t\t\t\t\t\t\t\t\t\t\t\t\t\t\t\t<h3>\n\t\t\t\t\t\t\t\t\t<a href=\"http:\/\/wpml.org\" rel=\"nofollow\">\n\t\t\t\t\t\t\t\t\t\tWPML\t\t\t\t\t\t\t\t\t<\/a>\n\t\t\t\t\t\t\t\t<\/h3>\n\t\t\t\t\t\t\t\t\t\t\t\t\t\n\t\t\t\t\t\t<div class=\"wcorg-sponsor-description\">\n\t\t\t\t\t\t\t\t\t\t\t\t\t\t\t<a href=\"http:\/\/wpml.org\" rel=\"nofollow\">\n\t\t\t\t\t\t\t\t\t<img loading=\"lazy\" decoding=\"async\" width=\"2778\" height=\"695\" src=\"https:\/\/netherlands.wordcamp.org\/2014\/files\/2014\/04\/wpml.png\" class=\"attachment-wcb-sponsor-logo-horizontal-2x size-wcb-sponsor-logo-horizontal-2x wp-post-image\" alt=\"WPML\" srcset=\"https:\/\/netherlands.wordcamp.org\/2014\/files\/2014\/04\/wpml.png 2778w, https:\/\/netherlands.wordcamp.org\/2014\/files\/2014\/04\/wpml-300x75.png 300w, https:\/\/netherlands.wordcamp.org\/2014\/files\/2014\/04\/wpml-1024x256.png 1024w, https:\/\/netherlands.wordcamp.org\/2014\/files\/2014\/04\/wpml-500x125.png 500w, https:\/\/netherlands.wordcamp.org\/2014\/files\/2014\/04\/wpml-624x156.png 624w\" sizes=\"auto, (max-width: 2778px) 100vw, 2778px\" \/>\t\t\t\t\t\t\t\t<\/a>\n\t\t\t\t\t\t\t\n\t\t\t\t\t\t\t\t\t\t\t\t\t\t\t<p><a href=\"http:\/\/WPML.org\" rel=\"nofollow\">WPML<\/a> maakt je WordPress-website meertalig. Het werkt samen met caching, SEO en e-commerce plug-in, en stelt je in staat om volledige meertalige websites te maken. Met WPML kun je zowel eenvoudige blogs als zakelijke- en bedrijfswebsites meertalig maken.<\/p>\n<p>Met WPML kunnen gebruikers alles op de website vertalen, inclusief inhoud, menu\u2019s, widgets en zelfs teksten van thema\u2019s en plug-ins. WPML realiseert meer dan 400.000 commerci\u00eble websites wereldwijd.<br \/>\nMeer informatie over de meertalige sta vind je op WPML.org<\/p>\n<p>Wij zijn op zoek naar mensen. Als jij een getalenteerde programmeur bent, dan horen we graag van je op de onderstaande link:<br \/>\n<a href=\"http:\/\/wpml.org\/home\/were-hiring\/\" rel=\"nofollow\">http:\/\/wpml.org\/home\/were-hiring\/<\/a><\/p>\n\t\t\t\t\t\t\t\t\t\t\t\t\t<\/div>\n\t\t\t\t\t<\/div><!-- #sponsor -->\n\t\t\t\t\t\t\t<\/div><!-- .wcorg-sponsor-level -->\n\t\t\t<\/div><!-- .wcorg-sponsors -->\n\n\t\n","protected":false},"excerpt":{"rendered":"<p>Wil je WordCamp Nederland ook sponsoren? Dat kan nog steeds. Wij zijn enorm trots op de volgende sponsors:<\/p>\n","protected":false},"author":102989,"featured_media":0,"parent":0,"menu_order":0,"comment_status":"open","ping_status":"open","template":"","meta":{"jetpack_post_was_ever_published":false,"footnotes":""},"class_list":["post-249756","page","type-page","status-publish","hentry"],"jetpack_sharing_enabled":true,"_links":{"self":[{"href":"https:\/\/netherlands.wordcamp.org\/2014\/wp-json\/wp\/v2\/pages\/249756","targetHints":{"allow":["GET"]}}],"collection":[{"href":"https:\/\/netherlands.wordcamp.org\/2014\/wp-json\/wp\/v2\/pages"}],"about":[{"href":"https:\/\/netherlands.wordcamp.org\/2014\/wp-json\/wp\/v2\/types\/page"}],"author":[{"embeddable":true,"href":"https:\/\/netherlands.wordcamp.org\/2014\/wp-json\/wp\/v2\/users\/102989"}],"replies":[{"embeddable":true,"href":"https:\/\/netherlands.wordcamp.org\/2014\/wp-json\/wp\/v2\/comments?post=249756"}],"version-history":[{"count":18,"href":"https:\/\/netherlands.wordcamp.org\/2014\/wp-json\/wp\/v2\/pages\/249756\/revisions"}],"predecessor-version":[{"id":593583,"href":"https:\/\/netherlands.wordcamp.org\/2014\/wp-json\/wp\/v2\/pages\/249756\/revisions\/593583"}],"wp:attachment":[{"href":"https:\/\/netherlands.wordcamp.org\/2014\/wp-json\/wp\/v2\/media?parent=249756"}],"curies":[{"name":"wp","href":"https:\/\/api.w.org\/{rel}","templated":true}]}}